{"id":30,"date":"2016-04-11T16:13:20","date_gmt":"2016-04-11T16:13:20","guid":{"rendered":"http:\/\/wordix.inesctec.pt\/wp-vitalresponder\/?page_id=30"},"modified":"2017-06-26T09:41:39","modified_gmt":"2017-06-26T09:41:39","slug":"team","status":"publish","type":"page","link":"https:\/\/vitalresponder.inesctec.pt\/index.php\/team\/","title":{"rendered":"Partners"},"content":{"rendered":"<p><img loading=\"lazy\" decoding=\"async\" class=\" wp-image-220 alignleft\" src=\"http:\/\/vitalresponder.inesctec.pt\/wp-content\/uploads\/2016\/04\/image-1024x390.png\" alt=\"\" width=\"273\" height=\"104\" srcset=\"https:\/\/vitalresponder.inesctec.pt\/wp-content\/uploads\/2016\/04\/image-1024x390.png 1024w, https:\/\/vitalresponder.inesctec.pt\/wp-content\/uploads\/2016\/04\/image-300x114.png 300w, https:\/\/vitalresponder.inesctec.pt\/wp-content\/uploads\/2016\/04\/image-768x293.png 768w, https:\/\/vitalresponder.inesctec.pt\/wp-content\/uploads\/2016\/04\/image.png 1057w\" sizes=\"auto, (max-width: 273px) 100vw, 273px\" \/><\/p>\n<p>&nbsp;<\/p>\n<p>&nbsp;<\/p>\n<p>&nbsp;<\/p>\n<p><a href=\"https:\/\/www.inesctec.pt\/\">https:\/\/www.inesctec.pt\/<\/a><\/p>\n<p>The Institute for Systems and Computer Engineering, Technology and Science \u2013 INESC TEC is an Associate Laboratory with more than 30 years of experience in R&amp;D and technology transfer. Present in 6 sites in the cities of Porto, Braga and Vila Real, INESC TEC incorporates 13 R&amp;D Centres and one Associate Unit with complementary competences, always looking to the international market.<\/p>\n<p>&nbsp;<\/p>\n<p><img loading=\"lazy\" decoding=\"async\" class=\"alignnone  wp-image-44\" src=\"http:\/\/wordix.inesctec.pt\/wp-vitalresponder\/wp-content\/uploads\/2016\/04\/ieeta-300x49.png\" alt=\"ieeta\" width=\"349\" height=\"57\" srcset=\"https:\/\/vitalresponder.inesctec.pt\/wp-content\/uploads\/2016\/04\/ieeta-300x49.png 300w, https:\/\/vitalresponder.inesctec.pt\/wp-content\/uploads\/2016\/04\/ieeta.png 443w\" sizes=\"auto, (max-width: 349px) 100vw, 349px\" \/><\/p>\n<p><a href=\"http:\/\/www.ieeta.pt\/\">http:\/\/www.ieeta.pt\/<\/a><\/p>\n<p>On the 1st October 1999, the Institute of Electronics and Telematics Engineering of Aveiro (IEETA) was established in Aveiro (Portugal). It is a private non-profit-making scientific association made up of the University of Aveiro, the Funda\u00e7\u00e3o Jo\u00e3o Jacinto de Magalh\u00e3es and the GrupUnave. Within IEETA, is the Research Unit 127\/94, approved by the Portuguese Ministry of Science and Technology, which was formerly INESC &#8211; P\u00f3lo da Universidade de Aveiro.<\/p>\n<p>The mission of this Institute is the following:<\/p>\n<p>Multidisciplinary research and advanced development in Electronics and Telematics, integrated in the international research community and contributing to national technological and social development, being Healthcare one of the areas of intervention.<\/p>\n<p>&nbsp;<\/p>\n<p><img loading=\"lazy\" decoding=\"async\" class=\"alignnone size-medium wp-image-45\" src=\"http:\/\/wordix.inesctec.pt\/wp-vitalresponder\/wp-content\/uploads\/2016\/04\/it-300x91.png\" alt=\"it\" width=\"300\" height=\"91\" srcset=\"https:\/\/vitalresponder.inesctec.pt\/wp-content\/uploads\/2016\/04\/it-300x91.png 300w, https:\/\/vitalresponder.inesctec.pt\/wp-content\/uploads\/2016\/04\/it.png 305w\" sizes=\"auto, (max-width: 300px) 100vw, 300px\" \/><\/p>\n<p><a href=\"http:\/\/www.it.pt\/\">http:\/\/www.it.pt\/<\/a><\/p>\n<p>Instituto de Telecomunica\u00e7\u00f5es (it) is a private, not-for-profit organisation, of public interest, whose mission is to create and disseminate scientific knowledge in the field of telecommunications.<\/p>\n<p>It has three poles in Aveiro, Coimbra and Lisbon, and delegations in Covilh\u00e3, Leiria and Porto. IT was granted the status of Associate Laboratory and gathers the expertise of more than 150 research with a PhD in areas related to telecommunications.<\/p>\n<p>&nbsp;<\/p>\n<p><img loading=\"lazy\" decoding=\"async\" class=\"alignnone size-full wp-image-47\" src=\"http:\/\/wordix.inesctec.pt\/wp-vitalresponder\/wp-content\/uploads\/2016\/04\/cmu.png\" alt=\"cmu\" width=\"253\" height=\"73\" \/><\/p>\n<p><a href=\"http:\/\/www.cmu.edu\/index.shtml\">http:\/\/www.cmu.edu\/index.shtml<\/a><\/p>\n<p>Carnegie Mellon University is a global research university of more than 10,000 students, 70,000 alumni, and 4,000 faculty and staff. Recognized for its world-class arts and technology programs, collaboration across disciplines and innovative leadership in education, Carnegie Mellon is consistently a top-ranked university.<\/p>\n<p>The University began as a small technical school and evolved into what it is today under the guidance of exceptional leadership teams.<\/p>\n<p>&nbsp;<\/p>\n<p><img loading=\"lazy\" decoding=\"async\" class=\"alignnone size-medium wp-image-46\" src=\"http:\/\/wordix.inesctec.pt\/wp-vitalresponder\/wp-content\/uploads\/2016\/04\/biodevices-300x50.png\" alt=\"biodevices\" width=\"300\" height=\"50\" srcset=\"https:\/\/vitalresponder.inesctec.pt\/wp-content\/uploads\/2016\/04\/biodevices-300x50.png 300w, https:\/\/vitalresponder.inesctec.pt\/wp-content\/uploads\/2016\/04\/biodevices.png 449w\" sizes=\"auto, (max-width: 300px) 100vw, 300px\" \/><\/p>\n<p><a href=\"http:\/\/www.biodevices.pt\/\">http:\/\/www.biodevices.pt\/<\/a><\/p>\n<p>Biodevices, SA is a spin-off from IEETA (Institute of Electronics and Telematics Engineering of Aveiro \/ University of Aveiro) with the mission of developing, commercializing and exporting biomedical engineering solutions for medical diagnosis support.<\/p>\n<p>The commitment for the continuous development of the product utility and quality have been systematically tested with extreme success on all our clinical partners considering the use of these products added value.<\/p>\n","protected":false},"excerpt":{"rendered":"<p>&nbsp; &nbsp; &nbsp; https:\/\/www.inesctec.pt\/ The Institute for Systems and Computer Engineering, Technology and Science \u2013 INESC TEC is an Associate Laboratory with more than 30 years of experience in R&amp;D and technology transfer. Present in 6 sites in the cities of Porto, Braga and Vila Real, INESC TEC incorporates 13 R&amp;D Centres and one Associate<\/p>\n<p><a href=\"https:\/\/vitalresponder.inesctec.pt\/index.php\/team\/\" class=\"more-link themebutton\">Read More<\/a><\/p>\n","protected":false},"author":1,"featured_media":0,"parent":0,"menu_order":0,"comment_status":"closed","ping_status":"closed","template":"","meta":{"footnotes":""},"class_list":["post-30","page","type-page","status-publish","hentry"],"_links":{"self":[{"href":"https:\/\/vitalresponder.inesctec.pt\/index.php\/wp-json\/wp\/v2\/pages\/30","targetHints":{"allow":["GET"]}}],"collection":[{"href":"https:\/\/vitalresponder.inesctec.pt\/index.php\/wp-json\/wp\/v2\/pages"}],"about":[{"href":"https:\/\/vitalresponder.inesctec.pt\/index.php\/wp-json\/wp\/v2\/types\/page"}],"author":[{"embeddable":true,"href":"https:\/\/vitalresponder.inesctec.pt\/index.php\/wp-json\/wp\/v2\/users\/1"}],"replies":[{"embeddable":true,"href":"https:\/\/vitalresponder.inesctec.pt\/index.php\/wp-json\/wp\/v2\/comments?post=30"}],"version-history":[{"count":8,"href":"https:\/\/vitalresponder.inesctec.pt\/index.php\/wp-json\/wp\/v2\/pages\/30\/revisions"}],"predecessor-version":[{"id":219,"href":"https:\/\/vitalresponder.inesctec.pt\/index.php\/wp-json\/wp\/v2\/pages\/30\/revisions\/219"}],"wp:attachment":[{"href":"https:\/\/vitalresponder.inesctec.pt\/index.php\/wp-json\/wp\/v2\/media?parent=30"}],"curies":[{"name":"wp","href":"https:\/\/api.w.org\/{rel}","templated":true}]}}